{"id":25,"date":"2020-07-22T12:13:34","date_gmt":"2020-07-22T12:13:34","guid":{"rendered":"http:\/\/toplehrling.at\/?page_id=25"},"modified":"2026-04-09T04:54:26","modified_gmt":"2026-04-09T04:54:26","slug":"ausbildung-fuer-digitraining","status":"publish","type":"page","link":"https:\/\/toplehrling.at\/","title":{"rendered":"Top richtig"},"content":{"rendered":"\n<h4 class=\"wp-block-heading\" id=\"wko-lehrlingshaus-mitterdorf-st-barbara-im-murztal\">Herzlich Willkommen im WKO Lehrlingshaus Mitterdorf <\/h4>\n\n\n\n<p>Unsere Lehrlinge stehen im Mittelpunkt unseres Handelns. Gemeinsames Lernen und die Freizeit genie\u00dfen &#8211; daf\u00fcr bieten wir die Voraussetzung. Dieses Miteinander gelingt durch den Grundsatz: <strong>&#8222;Wertsch\u00f6pfung durch Wertsch\u00e4tzung&#8220;<\/strong><\/p>\n\n\n\n<figure class=\"wp-block-image size-large is-resized\"><img loading=\"lazy\" decoding=\"async\" width=\"1024\" height=\"461\" src=\"https:\/\/toplehrling.at\/wp-content\/uploads\/2024\/01\/01-Ostansicht-1024x461.jpg\" alt=\"\" class=\"wp-image-640\" style=\"width:641px;height:auto\" srcset=\"https:\/\/toplehrling.at\/wp-content\/uploads\/2024\/01\/01-Ostansicht-1024x461.jpg 1024w, https:\/\/toplehrling.at\/wp-content\/uploads\/2024\/01\/01-Ostansicht-300x135.jpg 300w, https:\/\/toplehrling.at\/wp-content\/uploads\/2024\/01\/01-Ostansicht-768x346.jpg 768w, https:\/\/toplehrling.at\/wp-content\/uploads\/2024\/01\/01-Ostansicht-1536x692.jpg 1536w, https:\/\/toplehrling.at\/wp-content\/uploads\/2024\/01\/01-Ostansicht-2048x922.jpg 2048w, https:\/\/toplehrling.at\/wp-content\/uploads\/2024\/01\/01-Ostansicht-1920x865.jpg 1920w\" sizes=\"auto, (max-width: 1024px) 100vw, 1024px\" \/><\/figure>\n\n\n\n\n\n\n\n\n\n<h2 class=\"wp-block-heading has-luminous-vivid-amber-to-luminous-vivid-orange-gradient-background has-background has-medium-font-size\"><strong><a href=\"https:\/\/toplehrling.at\/?page_id=893\" target=\"_blank\" rel=\"noreferrer noopener\">Anmeldung f\u00fcr den 4. Lehrgang: 9. -22. April 2026<\/a><\/strong><\/h2>\n\n\n\n<h4 class=\"wp-block-heading\"><a href=\"https:\/\/toplehrling.at\/?page_id=617\" target=\"_blank\" rel=\"noreferrer noopener\"><strong>Anreisezeiten 4. Lehrgang am So 26.4.26<\/strong><\/a><\/h4>\n\n\n\n<p><a href=\"https:\/\/toplehrling.at\/?page_id=514\" target=\"_blank\" rel=\"noreferrer noopener\"><strong>Ablauf Anreisetag So 26.04.2026<\/strong><\/a> &#8211; <a href=\"https:\/\/toplehrling.at\/?page_id=514\" target=\"_blank\" rel=\"noreferrer noopener\"><strong>Check In Info<\/strong><\/a><\/p>\n\n\n\n<h2 class=\"wp-block-heading has-luminous-vivid-amber-to-luminous-vivid-orange-gradient-background has-background has-medium-font-size\"><a href=\"https:\/\/toplehrling.at\/?page_id=910\" target=\"_blank\" rel=\"noreferrer noopener\"><strong>Zimmer \u00dcbersichten<\/strong><\/a><\/h2>\n\n\n\n<figure class=\"wp-block-image size-full\"><img loading=\"lazy\" decoding=\"async\" width=\"640\" height=\"427\" src=\"https:\/\/toplehrling.at\/wp-content\/uploads\/2021\/09\/Reden.jpg\" alt=\"\" class=\"wp-image-348\" srcset=\"https:\/\/toplehrling.at\/wp-content\/uploads\/2021\/09\/Reden.jpg 640w, https:\/\/toplehrling.at\/wp-content\/uploads\/2021\/09\/Reden-300x200.jpg 300w\" sizes=\"auto, (max-width: 640px) 100vw, 640px\" \/><figcaption class=\"wp-element-caption\">Wir haben ein tolles Haus und unser K\u00fcchenteam bietet einen leckeren Speiseplan<\/figcaption><\/figure>\n\n\n\n<figure class=\"wp-block-image size-full\"><img loading=\"lazy\" decoding=\"async\" width=\"640\" height=\"427\" src=\"https:\/\/toplehrling.at\/wp-content\/uploads\/2021\/09\/Freizeit-Stiege.jpg\" alt=\"\" class=\"wp-image-349\" srcset=\"https:\/\/toplehrling.at\/wp-content\/uploads\/2021\/09\/Freizeit-Stiege.jpg 640w, https:\/\/toplehrling.at\/wp-content\/uploads\/2021\/09\/Freizeit-Stiege-300x200.jpg 300w\" sizes=\"auto, (max-width: 640px) 100vw, 640px\" \/><figcaption class=\"wp-element-caption\">Wir k\u00f6nnen mit dem LUV ein tolles Freizeitangebot zur Erholung bieten<\/figcaption><\/figure>\n\n\n\n<figure class=\"wp-block-video\"><video height=\"1530\" style=\"aspect-ratio: 2720 \/ 1530;\" width=\"2720\" controls src=\"https:\/\/toplehrling.at\/wp-content\/uploads\/2021\/11\/LLH-MItterdorf-10MB.mp4\"><\/video><figcaption class=\"wp-element-caption\">Kurzfilm \u00fcber unser Lehrlingshaus von Sebastian Grau<\/figcaption><\/figure>\n\n\n\n<p class=\"has-very-dark-gray-color has-text-color\">Lehrlinge sind die Zukunftstr\u00e4gerInnen unserer Wirtschaft. Daher unterst\u00fctzen die WKO Lehrlingsh\u00e4user unsere Lehrlinge bestm\u00f6glich auf ihrem Ausbildungsweg. <\/p>\n\n\n\n<p><\/p>\n","protected":false},"excerpt":{"rendered":"<p>Herzlich Willkommen im WKO Lehrlingshaus Mitterdorf Unsere Lehrlinge stehen im Mittelpunkt unseres Handelns. Gemeinsames Lernen und die Freizeit genie\u00dfen &#8211; daf\u00fcr bieten wir die Voraussetzung. Dieses Miteinander gelingt durch den Grundsatz: &#8222;Wertsch\u00f6pfung durch Wertsch\u00e4tzung&#8220; Anmeldung f\u00fcr den 4. Lehrgang: 9.&hellip;<\/p>\n","protected":false},"author":2,"featured_media":0,"parent":0,"menu_order":0,"comment_status":"closed","ping_status":"closed","template":"","meta":{"footnotes":""},"class_list":["post-25","page","type-page","status-publish","hentry"],"_links":{"self":[{"href":"https:\/\/toplehrling.at\/index.php?rest_route=\/wp\/v2\/pages\/25","targetHints":{"allow":["GET"]}}],"collection":[{"href":"https:\/\/toplehrling.at\/index.php?rest_route=\/wp\/v2\/pages"}],"about":[{"href":"https:\/\/toplehrling.at\/index.php?rest_route=\/wp\/v2\/types\/page"}],"author":[{"embeddable":true,"href":"https:\/\/toplehrling.at\/index.php?rest_route=\/wp\/v2\/users\/2"}],"replies":[{"embeddable":true,"href":"https:\/\/toplehrling.at\/index.php?rest_route=%2Fwp%2Fv2%2Fcomments&post=25"}],"version-history":[{"count":124,"href":"https:\/\/toplehrling.at\/index.php?rest_route=\/wp\/v2\/pages\/25\/revisions"}],"predecessor-version":[{"id":1136,"href":"https:\/\/toplehrling.at\/index.php?rest_route=\/wp\/v2\/pages\/25\/revisions\/1136"}],"wp:attachment":[{"href":"https:\/\/toplehrling.at\/index.php?rest_route=%2Fwp%2Fv2%2Fmedia&parent=25"}],"curies":[{"name":"wp","href":"https:\/\/api.w.org\/{rel}","templated":true}]}}