{"id":368,"date":"2021-09-17T14:09:36","date_gmt":"2021-09-17T14:09:36","guid":{"rendered":"https:\/\/toplehrling.at\/?page_id=368"},"modified":"2026-03-13T14:30:47","modified_gmt":"2026-03-13T14:30:47","slug":"wallfahrer","status":"publish","type":"page","link":"https:\/\/toplehrling.at\/?page_id=368","title":{"rendered":"Wallfahrer Gruppen"},"content":{"rendered":"\n<p>Wallfahrergruppen haben die M\u00f6glichkeit, in unserem Haus ein Quartier zu bekommen. <br>Direkt neben dem Haus verl\u00e4uft eine der zahlreichen Routen nach Mariazell. <\/p>\n\n\n\n<figure class=\"wp-block-image size-large is-resized\"><img loading=\"lazy\" decoding=\"async\" width=\"1024\" height=\"461\" src=\"https:\/\/toplehrling.at\/wp-content\/uploads\/2023\/11\/20230520_082828-1024x461.jpg\" alt=\"\" class=\"wp-image-586\" style=\"width:625px;height:auto\" srcset=\"https:\/\/toplehrling.at\/wp-content\/uploads\/2023\/11\/20230520_082828-1024x461.jpg 1024w, https:\/\/toplehrling.at\/wp-content\/uploads\/2023\/11\/20230520_082828-300x135.jpg 300w, https:\/\/toplehrling.at\/wp-content\/uploads\/2023\/11\/20230520_082828-768x346.jpg 768w, https:\/\/toplehrling.at\/wp-content\/uploads\/2023\/11\/20230520_082828-1536x692.jpg 1536w, https:\/\/toplehrling.at\/wp-content\/uploads\/2023\/11\/20230520_082828-2048x922.jpg 2048w, https:\/\/toplehrling.at\/wp-content\/uploads\/2023\/11\/20230520_082828-1920x865.jpg 1920w\" sizes=\"auto, (max-width: 1024px) 100vw, 1024px\" \/><\/figure>\n\n\n\n<p>Die Zimmer k\u00f6nnen als Einzelzimmer, Doppelzimmer oder Mehrbettzimmer gebucht werden.<\/p>\n\n\n\n<figure class=\"wp-block-image size-large is-resized\"><img loading=\"lazy\" decoding=\"async\" width=\"1024\" height=\"461\" src=\"https:\/\/toplehrling.at\/wp-content\/uploads\/2023\/11\/20230519_164925-1024x461.jpg\" alt=\"\" class=\"wp-image-589\" style=\"width:630px;height:auto\" srcset=\"https:\/\/toplehrling.at\/wp-content\/uploads\/2023\/11\/20230519_164925-1024x461.jpg 1024w, https:\/\/toplehrling.at\/wp-content\/uploads\/2023\/11\/20230519_164925-300x135.jpg 300w, https:\/\/toplehrling.at\/wp-content\/uploads\/2023\/11\/20230519_164925-768x346.jpg 768w, https:\/\/toplehrling.at\/wp-content\/uploads\/2023\/11\/20230519_164925-1536x692.jpg 1536w, https:\/\/toplehrling.at\/wp-content\/uploads\/2023\/11\/20230519_164925-2048x922.jpg 2048w, https:\/\/toplehrling.at\/wp-content\/uploads\/2023\/11\/20230519_164925-1920x865.jpg 1920w\" sizes=\"auto, (max-width: 1024px) 100vw, 1024px\" \/><\/figure>\n\n\n\n<p>Gerne kann unsere K\u00fcche auch ein Abendessen bzw. Fr\u00fchst\u00fcck zaubern.<\/p>\n\n\n\n<p>Zur Entspannung in unseren sch\u00f6nen Wohngemeinschaften stehen dar\u00fcber hinaus viele weitere M\u00f6glichkeiten zur Verf\u00fcgung. Als besonderes Highlight gibt es in unserem Haus ein Hallenbad<\/p>\n\n\n\n<figure class=\"wp-block-image size-full is-resized\"><img loading=\"lazy\" decoding=\"async\" width=\"911\" height=\"938\" src=\"https:\/\/toplehrling.at\/wp-content\/uploads\/2021\/09\/Luftbild-Beschriftet.jpg\" alt=\"\" class=\"wp-image-369\" style=\"aspect-ratio:0.9712105171566722;width:697px;height:auto\" srcset=\"https:\/\/toplehrling.at\/wp-content\/uploads\/2021\/09\/Luftbild-Beschriftet.jpg 911w, https:\/\/toplehrling.at\/wp-content\/uploads\/2021\/09\/Luftbild-Beschriftet-291x300.jpg 291w, https:\/\/toplehrling.at\/wp-content\/uploads\/2021\/09\/Luftbild-Beschriftet-768x791.jpg 768w\" sizes=\"auto, (max-width: 911px) 100vw, 911px\" \/><figcaption class=\"wp-element-caption\">Karte f\u00fcr WallfahrerInnen<\/figcaption><\/figure>\n\n\n\n<figure class=\"wp-block-image size-large is-resized\"><img loading=\"lazy\" decoding=\"async\" width=\"1024\" height=\"461\" src=\"https:\/\/toplehrling.at\/wp-content\/uploads\/2023\/11\/20230519_131100-1-1024x461.jpg\" alt=\"\" class=\"wp-image-604\" style=\"aspect-ratio:2.2212428980052477;width:705px;height:auto\" srcset=\"https:\/\/toplehrling.at\/wp-content\/uploads\/2023\/11\/20230519_131100-1-1024x461.jpg 1024w, https:\/\/toplehrling.at\/wp-content\/uploads\/2023\/11\/20230519_131100-1-300x135.jpg 300w, https:\/\/toplehrling.at\/wp-content\/uploads\/2023\/11\/20230519_131100-1-768x345.jpg 768w, https:\/\/toplehrling.at\/wp-content\/uploads\/2023\/11\/20230519_131100-1-1536x691.jpg 1536w, https:\/\/toplehrling.at\/wp-content\/uploads\/2023\/11\/20230519_131100-1-2048x921.jpg 2048w, https:\/\/toplehrling.at\/wp-content\/uploads\/2023\/11\/20230519_131100-1-1920x864.jpg 1920w\" sizes=\"auto, (max-width: 1024px) 100vw, 1024px\" \/><figcaption class=\"wp-element-caption\">Mehrbett Zimmer<\/figcaption><\/figure>\n\n\n\n<figure class=\"wp-block-image size-full is-resized\"><img loading=\"lazy\" decoding=\"async\" width=\"400\" height=\"300\" src=\"https:\/\/toplehrling.at\/wp-content\/uploads\/2026\/03\/Gemeinschaftsraum.jpg\" alt=\"\" class=\"wp-image-1112\" style=\"width:474px;height:auto\" srcset=\"https:\/\/toplehrling.at\/wp-content\/uploads\/2026\/03\/Gemeinschaftsraum.jpg 400w, https:\/\/toplehrling.at\/wp-content\/uploads\/2026\/03\/Gemeinschaftsraum-300x225.jpg 300w\" sizes=\"auto, (max-width: 400px) 100vw, 400px\" \/><figcaption class=\"wp-element-caption\">Gemeinschaftsraum<\/figcaption><\/figure>\n\n\n\n<figure class=\"wp-block-image size-full is-resized\"><img loading=\"lazy\" decoding=\"async\" width=\"400\" height=\"300\" src=\"https:\/\/toplehrling.at\/wp-content\/uploads\/2026\/03\/1-OG-Freizeitraum.jpg\" alt=\"\" class=\"wp-image-1113\" style=\"width:479px;height:auto\" srcset=\"https:\/\/toplehrling.at\/wp-content\/uploads\/2026\/03\/1-OG-Freizeitraum.jpg 400w, https:\/\/toplehrling.at\/wp-content\/uploads\/2026\/03\/1-OG-Freizeitraum-300x225.jpg 300w\" sizes=\"auto, (max-width: 400px) 100vw, 400px\" \/><figcaption class=\"wp-element-caption\">Freizeitraum<\/figcaption><\/figure>\n\n\n\n<figure class=\"wp-block-image size-full is-resized\"><img loading=\"lazy\" decoding=\"async\" width=\"400\" height=\"300\" src=\"https:\/\/toplehrling.at\/wp-content\/uploads\/2026\/03\/Aula-EG.jpg\" alt=\"\" class=\"wp-image-1104\" style=\"width:476px;height:auto\" srcset=\"https:\/\/toplehrling.at\/wp-content\/uploads\/2026\/03\/Aula-EG.jpg 400w, https:\/\/toplehrling.at\/wp-content\/uploads\/2026\/03\/Aula-EG-300x225.jpg 300w\" sizes=\"auto, (max-width: 400px) 100vw, 400px\" \/><\/figure>\n\n\n\n<figure class=\"wp-block-image size-full is-resized\"><img loading=\"lazy\" decoding=\"async\" width=\"400\" height=\"300\" src=\"https:\/\/toplehrling.at\/wp-content\/uploads\/2026\/03\/Schwimmhalle.jpg\" alt=\"\" class=\"wp-image-1106\" style=\"width:475px;height:auto\" srcset=\"https:\/\/toplehrling.at\/wp-content\/uploads\/2026\/03\/Schwimmhalle.jpg 400w, https:\/\/toplehrling.at\/wp-content\/uploads\/2026\/03\/Schwimmhalle-300x225.jpg 300w\" sizes=\"auto, (max-width: 400px) 100vw, 400px\" \/><\/figure>\n\n\n\n<figure class=\"wp-block-image size-large\"><img loading=\"lazy\" decoding=\"async\" width=\"461\" height=\"1024\" src=\"https:\/\/toplehrling.at\/wp-content\/uploads\/2023\/11\/20230424_165743-461x1024.jpg\" alt=\"\" class=\"wp-image-571\" srcset=\"https:\/\/toplehrling.at\/wp-content\/uploads\/2023\/11\/20230424_165743-461x1024.jpg 461w, https:\/\/toplehrling.at\/wp-content\/uploads\/2023\/11\/20230424_165743-135x300.jpg 135w, https:\/\/toplehrling.at\/wp-content\/uploads\/2023\/11\/20230424_165743-768x1705.jpg 768w, https:\/\/toplehrling.at\/wp-content\/uploads\/2023\/11\/20230424_165743-692x1536.jpg 692w, https:\/\/toplehrling.at\/wp-content\/uploads\/2023\/11\/20230424_165743-922x2048.jpg 922w, https:\/\/toplehrling.at\/wp-content\/uploads\/2023\/11\/20230424_165743-scaled.jpg 1153w\" sizes=\"auto, (max-width: 461px) 100vw, 461px\" \/><\/figure>\n\n\n\n<figure class=\"wp-block-image size-large is-resized\"><img loading=\"lazy\" decoding=\"async\" width=\"1024\" height=\"461\" src=\"https:\/\/toplehrling.at\/wp-content\/uploads\/2024\/01\/01-Ostansicht-1024x461.jpg\" alt=\"\" class=\"wp-image-640\" style=\"aspect-ratio:2.2212428980052477;width:454px;height:auto\" srcset=\"https:\/\/toplehrling.at\/wp-content\/uploads\/2024\/01\/01-Ostansicht-1024x461.jpg 1024w, https:\/\/toplehrling.at\/wp-content\/uploads\/2024\/01\/01-Ostansicht-300x135.jpg 300w, https:\/\/toplehrling.at\/wp-content\/uploads\/2024\/01\/01-Ostansicht-768x346.jpg 768w, https:\/\/toplehrling.at\/wp-content\/uploads\/2024\/01\/01-Ostansicht-1536x692.jpg 1536w, https:\/\/toplehrling.at\/wp-content\/uploads\/2024\/01\/01-Ostansicht-2048x922.jpg 2048w, https:\/\/toplehrling.at\/wp-content\/uploads\/2024\/01\/01-Ostansicht-1920x865.jpg 1920w\" sizes=\"auto, (max-width: 1024px) 100vw, 1024px\" \/><\/figure>\n\n\n\n<p>Ihre Anfragen und Reservierungen nehmen wir gerne schriftlich entgegen:<br><a href=\"mailto:lehrlingshaus.mitterdorf@wkstmk.at\" data-type=\"mailto\" data-id=\"mailto:lehrlingshaus.mitterdorf@wkstmk.at\">lehrlingshaus.mitterdorf@wkstmk.at<\/a> <\/p>\n","protected":false},"excerpt":{"rendered":"<p>Wallfahrergruppen haben die M\u00f6glichkeit, in unserem Haus ein Quartier zu bekommen. Direkt neben dem Haus verl\u00e4uft eine der zahlreichen Routen nach Mariazell. Die Zimmer k\u00f6nnen als Einzelzimmer, Doppelzimmer oder Mehrbettzimmer gebucht werden. Gerne kann unsere K\u00fcche auch ein Abendessen bzw.&hellip;<\/p>\n","protected":false},"author":2,"featured_media":0,"parent":0,"menu_order":0,"comment_status":"closed","ping_status":"closed","template":"","meta":{"footnotes":""},"class_list":["post-368","page","type-page","status-publish","hentry"],"_links":{"self":[{"href":"https:\/\/toplehrling.at\/index.php?rest_route=\/wp\/v2\/pages\/368","targetHints":{"allow":["GET"]}}],"collection":[{"href":"https:\/\/toplehrling.at\/index.php?rest_route=\/wp\/v2\/pages"}],"about":[{"href":"https:\/\/toplehrling.at\/index.php?rest_route=\/wp\/v2\/types\/page"}],"author":[{"embeddable":true,"href":"https:\/\/toplehrling.at\/index.php?rest_route=\/wp\/v2\/users\/2"}],"replies":[{"embeddable":true,"href":"https:\/\/toplehrling.at\/index.php?rest_route=%2Fwp%2Fv2%2Fcomments&post=368"}],"version-history":[{"count":5,"href":"https:\/\/toplehrling.at\/index.php?rest_route=\/wp\/v2\/pages\/368\/revisions"}],"predecessor-version":[{"id":1127,"href":"https:\/\/toplehrling.at\/index.php?rest_route=\/wp\/v2\/pages\/368\/revisions\/1127"}],"wp:attachment":[{"href":"https:\/\/toplehrling.at\/index.php?rest_route=%2Fwp%2Fv2%2Fmedia&parent=368"}],"curies":[{"name":"wp","href":"https:\/\/api.w.org\/{rel}","templated":true}]}}