{"id":371,"date":"2021-09-17T14:20:57","date_gmt":"2021-09-17T14:20:57","guid":{"rendered":"https:\/\/toplehrling.at\/?page_id=371"},"modified":"2026-03-13T14:22:22","modified_gmt":"2026-03-13T14:22:22","slug":"gruppenevents","status":"publish","type":"page","link":"https:\/\/toplehrling.at\/?page_id=371","title":{"rendered":"Gruppen Events"},"content":{"rendered":"\n<p>In unseren 18 Wohneinheiten bieten wir Platz f\u00fcr bis zu 238 G\u00e4ste. Speziell in den Sommerferien steht unser Haus f\u00fcr Gruppen zur Verf\u00fcgung, die eine einfache aber sch\u00f6ne Unterkunft mit zahlreichen Annehmlichkeiten suchen.<\/p>\n\n\n\n<div class=\"wp-block-cover\"><img loading=\"lazy\" decoding=\"async\" width=\"1024\" height=\"461\" class=\"wp-block-cover__image-background wp-image-591\" alt=\"\" src=\"https:\/\/toplehrling.at\/wp-content\/uploads\/2023\/11\/20231115_163656-1024x461.jpg\" data-object-fit=\"cover\" srcset=\"https:\/\/toplehrling.at\/wp-content\/uploads\/2023\/11\/20231115_163656-1024x461.jpg 1024w, https:\/\/toplehrling.at\/wp-content\/uploads\/2023\/11\/20231115_163656-300x135.jpg 300w, https:\/\/toplehrling.at\/wp-content\/uploads\/2023\/11\/20231115_163656-768x346.jpg 768w, https:\/\/toplehrling.at\/wp-content\/uploads\/2023\/11\/20231115_163656-1536x692.jpg 1536w, https:\/\/toplehrling.at\/wp-content\/uploads\/2023\/11\/20231115_163656-2048x922.jpg 2048w, https:\/\/toplehrling.at\/wp-content\/uploads\/2023\/11\/20231115_163656-1920x865.jpg 1920w\" sizes=\"auto, (max-width: 1024px) 100vw, 1024px\" \/><span aria-hidden=\"true\" class=\"wp-block-cover__background has-background-dim\"><\/span><div class=\"wp-block-cover__inner-container is-layout-flow wp-block-cover-is-layout-flow\">\n<h1 class=\"wp-block-heading has-text-align-center has-large-font-size\"><sup><strong>Speisesaal<\/strong><\/sup><\/h1>\n<\/div><\/div>\n\n\n\n<p>Wir k\u00f6nnen auch unsere G\u00e4ste kulinarisch verw\u00f6hnen. Unser Team ist von Styria Vitalis TOP GOLD zertifiziert worden.<br>Im gro\u00dfen Speisesaal, der zus\u00e4tzlich vielf\u00e4ltig genutzt werden kann, k\u00f6nnen wir bei toller Aussicht auf die Hohe Veitsch neben Normalkost auch vegetarische K\u00fcche anbieten<\/p>\n\n\n\n<div class=\"wp-block-cover\"><img loading=\"lazy\" decoding=\"async\" width=\"400\" height=\"300\" class=\"wp-block-cover__image-background wp-image-1104\" alt=\"\" src=\"https:\/\/toplehrling.at\/wp-content\/uploads\/2026\/03\/Aula-EG.jpg\" data-object-fit=\"cover\" srcset=\"https:\/\/toplehrling.at\/wp-content\/uploads\/2026\/03\/Aula-EG.jpg 400w, https:\/\/toplehrling.at\/wp-content\/uploads\/2026\/03\/Aula-EG-300x225.jpg 300w\" sizes=\"auto, (max-width: 400px) 100vw, 400px\" \/><span aria-hidden=\"true\" class=\"wp-block-cover__background has-background-dim\"><\/span><div class=\"wp-block-cover__inner-container is-layout-flow wp-block-cover-is-layout-flow\">\n<p class=\"has-text-align-center has-large-font-size\"><sup>Aula EG<\/sup><\/p>\n\n\n\n<p><\/p>\n<\/div><\/div>\n\n\n\n<div class=\"wp-block-cover\"><img loading=\"lazy\" decoding=\"async\" width=\"400\" height=\"300\" class=\"wp-block-cover__image-background wp-image-1106\" alt=\"\" src=\"https:\/\/toplehrling.at\/wp-content\/uploads\/2026\/03\/Schwimmhalle.jpg\" data-object-fit=\"cover\" srcset=\"https:\/\/toplehrling.at\/wp-content\/uploads\/2026\/03\/Schwimmhalle.jpg 400w, https:\/\/toplehrling.at\/wp-content\/uploads\/2026\/03\/Schwimmhalle-300x225.jpg 300w\" sizes=\"auto, (max-width: 400px) 100vw, 400px\" \/><span aria-hidden=\"true\" class=\"wp-block-cover__background has-background-dim\"><\/span><div class=\"wp-block-cover__inner-container is-layout-flow wp-block-cover-is-layout-flow\">\n<p class=\"has-text-align-center has-large-font-size\"><sup>Schwimm Halle<\/sup><\/p>\n\n\n\n<p><\/p>\n<\/div><\/div>\n\n\n\n<div class=\"wp-block-cover\"><img loading=\"lazy\" decoding=\"async\" width=\"400\" height=\"300\" class=\"wp-block-cover__image-background wp-image-1107\" alt=\"\" src=\"https:\/\/toplehrling.at\/wp-content\/uploads\/2026\/03\/Sporthalle.jpg\" data-object-fit=\"cover\" srcset=\"https:\/\/toplehrling.at\/wp-content\/uploads\/2026\/03\/Sporthalle.jpg 400w, https:\/\/toplehrling.at\/wp-content\/uploads\/2026\/03\/Sporthalle-300x225.jpg 300w\" sizes=\"auto, (max-width: 400px) 100vw, 400px\" \/><span aria-hidden=\"true\" class=\"wp-block-cover__background has-background-dim\"><\/span><div class=\"wp-block-cover__inner-container is-layout-flow wp-block-cover-is-layout-flow\">\n<p class=\"has-text-align-center has-large-font-size\"><sup>Sport Halle<\/sup><\/p>\n\n\n\n<p><\/p>\n<\/div><\/div>\n\n\n\n<div class=\"wp-block-cover\"><img loading=\"lazy\" decoding=\"async\" width=\"400\" height=\"300\" class=\"wp-block-cover__image-background wp-image-1108\" alt=\"\" src=\"https:\/\/toplehrling.at\/wp-content\/uploads\/2026\/03\/Aula-UG.jpg\" data-object-fit=\"cover\" srcset=\"https:\/\/toplehrling.at\/wp-content\/uploads\/2026\/03\/Aula-UG.jpg 400w, https:\/\/toplehrling.at\/wp-content\/uploads\/2026\/03\/Aula-UG-300x225.jpg 300w\" sizes=\"auto, (max-width: 400px) 100vw, 400px\" \/><span aria-hidden=\"true\" class=\"wp-block-cover__background has-background-dim\"><\/span><div class=\"wp-block-cover__inner-container is-layout-flow wp-block-cover-is-layout-flow\">\n<p class=\"has-text-align-center has-large-font-size\"><sup>Aula UG<\/sup><\/p>\n\n\n\n<p><\/p>\n<\/div><\/div>\n\n\n\n<div class=\"wp-block-cover\"><img loading=\"lazy\" decoding=\"async\" width=\"400\" height=\"300\" class=\"wp-block-cover__image-background wp-image-1109\" alt=\"\" src=\"https:\/\/toplehrling.at\/wp-content\/uploads\/2026\/03\/Billard-EG.jpg\" data-object-fit=\"cover\" srcset=\"https:\/\/toplehrling.at\/wp-content\/uploads\/2026\/03\/Billard-EG.jpg 400w, https:\/\/toplehrling.at\/wp-content\/uploads\/2026\/03\/Billard-EG-300x225.jpg 300w\" sizes=\"auto, (max-width: 400px) 100vw, 400px\" \/><span aria-hidden=\"true\" class=\"wp-block-cover__background has-background-dim\"><\/span><div class=\"wp-block-cover__inner-container is-layout-flow wp-block-cover-is-layout-flow\">\n<p class=\"has-text-align-center has-large-font-size\"><sup>Billard Raum<\/sup><\/p>\n\n\n\n<p><\/p>\n<\/div><\/div>\n\n\n\n<div class=\"wp-block-cover\"><img loading=\"lazy\" decoding=\"async\" width=\"400\" height=\"300\" class=\"wp-block-cover__image-background wp-image-1110\" alt=\"\" src=\"https:\/\/toplehrling.at\/wp-content\/uploads\/2026\/03\/Darts-Drehfussball-Tischtennisraum.jpg\" data-object-fit=\"cover\" srcset=\"https:\/\/toplehrling.at\/wp-content\/uploads\/2026\/03\/Darts-Drehfussball-Tischtennisraum.jpg 400w, https:\/\/toplehrling.at\/wp-content\/uploads\/2026\/03\/Darts-Drehfussball-Tischtennisraum-300x225.jpg 300w\" sizes=\"auto, (max-width: 400px) 100vw, 400px\" \/><span aria-hidden=\"true\" class=\"wp-block-cover__background has-background-dim\"><\/span><div class=\"wp-block-cover__inner-container is-layout-flow wp-block-cover-is-layout-flow\">\n<p class=\"has-text-align-center has-large-font-size\"><sup>Dart, Tischtennis, Drehfu\u00dfball<\/sup><\/p>\n\n\n\n<p><\/p>\n<\/div><\/div>\n\n\n\n<div class=\"wp-block-cover\"><img loading=\"lazy\" decoding=\"async\" width=\"400\" height=\"300\" class=\"wp-block-cover__image-background wp-image-1111\" alt=\"\" src=\"https:\/\/toplehrling.at\/wp-content\/uploads\/2026\/03\/Mehrbett-Schlafraum.jpg\" data-object-fit=\"cover\" srcset=\"https:\/\/toplehrling.at\/wp-content\/uploads\/2026\/03\/Mehrbett-Schlafraum.jpg 400w, https:\/\/toplehrling.at\/wp-content\/uploads\/2026\/03\/Mehrbett-Schlafraum-300x225.jpg 300w\" sizes=\"auto, (max-width: 400px) 100vw, 400px\" \/><span aria-hidden=\"true\" class=\"wp-block-cover__background has-background-dim\"><\/span><div class=\"wp-block-cover__inner-container is-layout-flow wp-block-cover-is-layout-flow\">\n<p class=\"has-text-align-center has-large-font-size\"><sup>Mehrbett Schlafzimmer<\/sup><\/p>\n\n\n\n<p><\/p>\n<\/div><\/div>\n\n\n\n<div class=\"wp-block-cover\"><img loading=\"lazy\" decoding=\"async\" width=\"400\" height=\"300\" class=\"wp-block-cover__image-background wp-image-1112\" alt=\"\" src=\"https:\/\/toplehrling.at\/wp-content\/uploads\/2026\/03\/Gemeinschaftsraum.jpg\" data-object-fit=\"cover\" srcset=\"https:\/\/toplehrling.at\/wp-content\/uploads\/2026\/03\/Gemeinschaftsraum.jpg 400w, https:\/\/toplehrling.at\/wp-content\/uploads\/2026\/03\/Gemeinschaftsraum-300x225.jpg 300w\" sizes=\"auto, (max-width: 400px) 100vw, 400px\" \/><span aria-hidden=\"true\" class=\"wp-block-cover__background has-background-dim\"><\/span><div class=\"wp-block-cover__inner-container is-layout-flow wp-block-cover-is-layout-flow\">\n<p class=\"has-text-align-center has-large-font-size\"><sup>WG Raum<\/sup><\/p>\n\n\n\n<p><\/p>\n<\/div><\/div>\n\n\n\n<div class=\"wp-block-cover\"><img loading=\"lazy\" decoding=\"async\" width=\"400\" height=\"300\" class=\"wp-block-cover__image-background wp-image-1113\" alt=\"\" src=\"https:\/\/toplehrling.at\/wp-content\/uploads\/2026\/03\/1-OG-Freizeitraum.jpg\" data-object-fit=\"cover\" srcset=\"https:\/\/toplehrling.at\/wp-content\/uploads\/2026\/03\/1-OG-Freizeitraum.jpg 400w, https:\/\/toplehrling.at\/wp-content\/uploads\/2026\/03\/1-OG-Freizeitraum-300x225.jpg 300w\" sizes=\"auto, (max-width: 400px) 100vw, 400px\" \/><span aria-hidden=\"true\" class=\"wp-block-cover__background has-background-dim\"><\/span><div class=\"wp-block-cover__inner-container is-layout-flow wp-block-cover-is-layout-flow\">\n<p class=\"has-text-align-center has-large-font-size\"><sup>Freizeit Raum 1<\/sup><\/p>\n\n\n\n<p><\/p>\n<\/div><\/div>\n\n\n\n<div class=\"wp-block-cover\"><img loading=\"lazy\" decoding=\"async\" width=\"400\" height=\"300\" class=\"wp-block-cover__image-background wp-image-1114\" alt=\"\" src=\"https:\/\/toplehrling.at\/wp-content\/uploads\/2026\/03\/3-OG-Freizeitraum.jpg\" data-object-fit=\"cover\" srcset=\"https:\/\/toplehrling.at\/wp-content\/uploads\/2026\/03\/3-OG-Freizeitraum.jpg 400w, https:\/\/toplehrling.at\/wp-content\/uploads\/2026\/03\/3-OG-Freizeitraum-300x225.jpg 300w\" sizes=\"auto, (max-width: 400px) 100vw, 400px\" \/><span aria-hidden=\"true\" class=\"wp-block-cover__background has-background-dim\"><\/span><div class=\"wp-block-cover__inner-container is-layout-flow wp-block-cover-is-layout-flow\">\n<p class=\"has-text-align-center has-large-font-size\"><sup>Freizeit Raum 3<\/sup><\/p>\n\n\n\n<p><\/p>\n<\/div><\/div>\n\n\n\n<div class=\"wp-block-cover\"><img loading=\"lazy\" decoding=\"async\" width=\"400\" height=\"300\" class=\"wp-block-cover__image-background wp-image-1115\" alt=\"\" src=\"https:\/\/toplehrling.at\/wp-content\/uploads\/2026\/03\/Einzelzimmer-mit-Dusche.jpg\" data-object-fit=\"cover\" srcset=\"https:\/\/toplehrling.at\/wp-content\/uploads\/2026\/03\/Einzelzimmer-mit-Dusche.jpg 400w, https:\/\/toplehrling.at\/wp-content\/uploads\/2026\/03\/Einzelzimmer-mit-Dusche-300x225.jpg 300w\" sizes=\"auto, (max-width: 400px) 100vw, 400px\" \/><span aria-hidden=\"true\" class=\"wp-block-cover__background has-background-dim\"><\/span><div class=\"wp-block-cover__inner-container is-layout-flow wp-block-cover-is-layout-flow\">\n<p class=\"has-text-align-center has-large-font-size\"><sup>Einzelzimmer<\/sup><\/p>\n\n\n\n<p><\/p>\n<\/div><\/div>\n\n\n\n<div class=\"wp-block-cover\"><img loading=\"lazy\" decoding=\"async\" width=\"400\" height=\"300\" class=\"wp-block-cover__image-background wp-image-1116\" alt=\"\" src=\"https:\/\/toplehrling.at\/wp-content\/uploads\/2026\/03\/Fitnessraum.jpg\" data-object-fit=\"cover\" srcset=\"https:\/\/toplehrling.at\/wp-content\/uploads\/2026\/03\/Fitnessraum.jpg 400w, https:\/\/toplehrling.at\/wp-content\/uploads\/2026\/03\/Fitnessraum-300x225.jpg 300w\" sizes=\"auto, (max-width: 400px) 100vw, 400px\" \/><span aria-hidden=\"true\" class=\"wp-block-cover__background has-background-dim\"><\/span><div class=\"wp-block-cover__inner-container is-layout-flow wp-block-cover-is-layout-flow\">\n<p class=\"has-text-align-center has-large-font-size\"><sup>Fitness Raum<\/sup><\/p>\n\n\n\n<p><\/p>\n<\/div><\/div>\n\n\n\n<p>Turnhalle, Schwimmbad, Fitnessraum, Billardzimmer, Playstationroom und Tischtennisraum bieten ein tolles Freizeitangebot. Im Freien stehen ein Volleyballplatz und einige Wiesen zur Verf\u00fcgung<\/p>\n\n\n\n<figure class=\"wp-block-image size-large\"><img loading=\"lazy\" decoding=\"async\" width=\"1024\" height=\"461\" src=\"https:\/\/toplehrling.at\/wp-content\/uploads\/2023\/11\/01-Ostansicht-2-1024x461.jpg\" alt=\"\" class=\"wp-image-593\" srcset=\"https:\/\/toplehrling.at\/wp-content\/uploads\/2023\/11\/01-Ostansicht-2-1024x461.jpg 1024w, https:\/\/toplehrling.at\/wp-content\/uploads\/2023\/11\/01-Ostansicht-2-300x135.jpg 300w, https:\/\/toplehrling.at\/wp-content\/uploads\/2023\/11\/01-Ostansicht-2-768x345.jpg 768w, https:\/\/toplehrling.at\/wp-content\/uploads\/2023\/11\/01-Ostansicht-2-1536x691.jpg 1536w, https:\/\/toplehrling.at\/wp-content\/uploads\/2023\/11\/01-Ostansicht-2-2048x921.jpg 2048w, https:\/\/toplehrling.at\/wp-content\/uploads\/2023\/11\/01-Ostansicht-2-1920x864.jpg 1920w\" sizes=\"auto, (max-width: 1024px) 100vw, 1024px\" \/><figcaption class=\"wp-element-caption\">Lehrlingshaus Mitterdorf<\/figcaption><\/figure>\n\n\n\n<p>F\u00fcr n\u00e4here Informationen wenden Sie sich bitte an uns: <a href=\"mailto:lehrlingshaus.mitterdorf@wkstmk.at\">lehrlingshaus.mitterdorf@wkstmk.at<\/a><\/p>\n","protected":false},"excerpt":{"rendered":"<p>In unseren 18 Wohneinheiten bieten wir Platz f\u00fcr bis zu 238 G\u00e4ste. Speziell in den Sommerferien steht unser Haus f\u00fcr Gruppen zur Verf\u00fcgung, die eine einfache aber sch\u00f6ne Unterkunft mit zahlreichen Annehmlichkeiten suchen. Wir k\u00f6nnen auch unsere G\u00e4ste kulinarisch verw\u00f6hnen.&hellip;<\/p>\n","protected":false},"author":2,"featured_media":0,"parent":0,"menu_order":0,"comment_status":"closed","ping_status":"closed","template":"","meta":{"footnotes":""},"class_list":["post-371","page","type-page","status-publish","hentry"],"_links":{"self":[{"href":"https:\/\/toplehrling.at\/index.php?rest_route=\/wp\/v2\/pages\/371","targetHints":{"allow":["GET"]}}],"collection":[{"href":"https:\/\/toplehrling.at\/index.php?rest_route=\/wp\/v2\/pages"}],"about":[{"href":"https:\/\/toplehrling.at\/index.php?rest_route=\/wp\/v2\/types\/page"}],"author":[{"embeddable":true,"href":"https:\/\/toplehrling.at\/index.php?rest_route=\/wp\/v2\/users\/2"}],"replies":[{"embeddable":true,"href":"https:\/\/toplehrling.at\/index.php?rest_route=%2Fwp%2Fv2%2Fcomments&post=371"}],"version-history":[{"count":11,"href":"https:\/\/toplehrling.at\/index.php?rest_route=\/wp\/v2\/pages\/371\/revisions"}],"predecessor-version":[{"id":1125,"href":"https:\/\/toplehrling.at\/index.php?rest_route=\/wp\/v2\/pages\/371\/revisions\/1125"}],"wp:attachment":[{"href":"https:\/\/toplehrling.at\/index.php?rest_route=%2Fwp%2Fv2%2Fmedia&parent=371"}],"curies":[{"name":"wp","href":"https:\/\/api.w.org\/{rel}","templated":true}]}}