{"id":671,"date":"2024-02-10T19:02:41","date_gmt":"2024-02-10T19:02:41","guid":{"rendered":"https:\/\/toplehrling.at\/?page_id=671"},"modified":"2024-02-10T20:09:37","modified_gmt":"2024-02-10T20:09:37","slug":"digitaler-luv-ausweis","status":"publish","type":"page","link":"https:\/\/toplehrling.at\/?page_id=671","title":{"rendered":"Digitaler LUV Ausweis"},"content":{"rendered":"\n<p>Ab sofort besteht die M\u00f6glichkeit, dass Du Dir Deinen LUV Ausweis am Smartphone aktivierst.<br>Alle <strong><a href=\"https:\/\/www.luv-lehrling.at\/_Resources\/Persistent\/31399ccc1880f1b4af0e7543f546a5bf725f15cf\/Anmeldeformular_LUV.pdf\" data-type=\"link\" data-id=\"https:\/\/www.luv-lehrling.at\/_Resources\/Persistent\/31399ccc1880f1b4af0e7543f546a5bf725f15cf\/Anmeldeformular_LUV.pdf\" target=\"_blank\" rel=\"noreferrer noopener\">Vertragsbedingungen<\/a><\/strong><a href=\"https:\/\/www.luv-lehrling.at\/_Resources\/Persistent\/31399ccc1880f1b4af0e7543f546a5bf725f15cf\/Anmeldeformular_LUV.pdf\" data-type=\"link\" data-id=\"https:\/\/www.luv-lehrling.at\/_Resources\/Persistent\/31399ccc1880f1b4af0e7543f546a5bf725f15cf\/Anmeldeformular_LUV.pdf\"> <\/a>gelten wie bisher und k\u00f6nnen nachgelesen werden.<\/p>\n\n\n\n<p>F\u00fcr den Digitalen LUV Ausweis sind drei Schritte notwendig:<\/p>\n\n\n\n<p><br>1, Im Dienstzimmer bekommst Du das Anmeldeformular, das ausgef\u00fcllt an das Team mit dem LUV Beitrag abzugeben ist. Deine Daten werden im System hinterlegt. Danach ist die Registrierung und die Anmeldung m\u00f6glich:<\/p>\n\n\n\n<p>2, Registriere Dich f\u00fcr Deinen LUV Zugang &#8211;<a href=\"https:\/\/lh-digi.mursoft.at\/Account\/Register\"> <\/a><a href=\"https:\/\/lh-digi.mursoft.at\/Account\/Register\" target=\"_blank\" rel=\"noreferrer noopener\">Link f\u00fcr die Registrierung<\/a><\/p>\n\n\n\n<figure class=\"wp-block-image size-large is-resized\"><a href=\"https:\/\/lh-digi.mursoft.at\/Account\/Register\" target=\"_blank\" rel=\"noreferrer noopener\"><img loading=\"lazy\" decoding=\"async\" width=\"1024\" height=\"1024\" src=\"https:\/\/toplehrling.at\/wp-content\/uploads\/2024\/02\/LUV-Registrierung-Lehrlinge-1024x1024.png\" alt=\"\" class=\"wp-image-672\" style=\"width:138px;height:auto\" srcset=\"https:\/\/toplehrling.at\/wp-content\/uploads\/2024\/02\/LUV-Registrierung-Lehrlinge-1024x1024.png 1024w, https:\/\/toplehrling.at\/wp-content\/uploads\/2024\/02\/LUV-Registrierung-Lehrlinge-300x300.png 300w, https:\/\/toplehrling.at\/wp-content\/uploads\/2024\/02\/LUV-Registrierung-Lehrlinge-150x150.png 150w, https:\/\/toplehrling.at\/wp-content\/uploads\/2024\/02\/LUV-Registrierung-Lehrlinge-768x768.png 768w, https:\/\/toplehrling.at\/wp-content\/uploads\/2024\/02\/LUV-Registrierung-Lehrlinge.png 1148w\" sizes=\"auto, (max-width: 1024px) 100vw, 1024px\" \/><\/a><\/figure>\n\n\n\n<p>3, Anmeldung f\u00fcr den LUV Ausweis &#8211; <a href=\"https:\/\/lh-digi.mursoft.at\/Account\/Login\" data-type=\"link\" data-id=\"https:\/\/lh-digi.mursoft.at\/Account\/Login\" target=\"_blank\" rel=\"noreferrer noopener\">Link f\u00fcr die LUV Anmeldung<\/a><\/p>\n\n\n\n<figure class=\"wp-block-image size-large is-resized\"><a href=\"https:\/\/lh-digi.mursoft.at\/Account\/Login\" target=\"_blank\" rel=\"noreferrer noopener\"><img loading=\"lazy\" decoding=\"async\" width=\"1024\" height=\"1024\" src=\"https:\/\/toplehrling.at\/wp-content\/uploads\/2024\/02\/LUV-Anmeldung-Login-Lehrlinge-1024x1024.png\" alt=\"\" class=\"wp-image-676\" style=\"width:139px;height:auto\" srcset=\"https:\/\/toplehrling.at\/wp-content\/uploads\/2024\/02\/LUV-Anmeldung-Login-Lehrlinge-1024x1024.png 1024w, https:\/\/toplehrling.at\/wp-content\/uploads\/2024\/02\/LUV-Anmeldung-Login-Lehrlinge-300x300.png 300w, https:\/\/toplehrling.at\/wp-content\/uploads\/2024\/02\/LUV-Anmeldung-Login-Lehrlinge-150x150.png 150w, https:\/\/toplehrling.at\/wp-content\/uploads\/2024\/02\/LUV-Anmeldung-Login-Lehrlinge-768x768.png 768w, https:\/\/toplehrling.at\/wp-content\/uploads\/2024\/02\/LUV-Anmeldung-Login-Lehrlinge.png 1148w\" sizes=\"auto, (max-width: 1024px) 100vw, 1024px\" \/><\/a><\/figure>\n\n\n\n<p>Das LUV Team wird nach der \u00dcberpr\u00fcfung der Anmeldung den LUV Ausweis freischalten.<\/p>\n","protected":false},"excerpt":{"rendered":"<p>Ab sofort besteht die M\u00f6glichkeit, dass Du Dir Deinen LUV Ausweis am Smartphone aktivierst.Alle Vertragsbedingungen gelten wie bisher und k\u00f6nnen nachgelesen werden. F\u00fcr den Digitalen LUV Ausweis sind drei Schritte notwendig: 1, Im Dienstzimmer bekommst Du das Anmeldeformular, das ausgef\u00fcllt&hellip;<\/p>\n","protected":false},"author":2,"featured_media":0,"parent":0,"menu_order":0,"comment_status":"closed","ping_status":"closed","template":"","meta":{"footnotes":""},"class_list":["post-671","page","type-page","status-publish","hentry"],"_links":{"self":[{"href":"https:\/\/toplehrling.at\/index.php?rest_route=\/wp\/v2\/pages\/671","targetHints":{"allow":["GET"]}}],"collection":[{"href":"https:\/\/toplehrling.at\/index.php?rest_route=\/wp\/v2\/pages"}],"about":[{"href":"https:\/\/toplehrling.at\/index.php?rest_route=\/wp\/v2\/types\/page"}],"author":[{"embeddable":true,"href":"https:\/\/toplehrling.at\/index.php?rest_route=\/wp\/v2\/users\/2"}],"replies":[{"embeddable":true,"href":"https:\/\/toplehrling.at\/index.php?rest_route=%2Fwp%2Fv2%2Fcomments&post=671"}],"version-history":[{"count":5,"href":"https:\/\/toplehrling.at\/index.php?rest_route=\/wp\/v2\/pages\/671\/revisions"}],"predecessor-version":[{"id":686,"href":"https:\/\/toplehrling.at\/index.php?rest_route=\/wp\/v2\/pages\/671\/revisions\/686"}],"wp:attachment":[{"href":"https:\/\/toplehrling.at\/index.php?rest_route=%2Fwp%2Fv2%2Fmedia&parent=671"}],"curies":[{"name":"wp","href":"https:\/\/api.w.org\/{rel}","templated":true}]}}