{"id":939,"date":"2025-12-05T11:45:58","date_gmt":"2025-12-05T11:45:58","guid":{"rendered":"https:\/\/toplehrling.at\/?page_id=939"},"modified":"2026-02-02T06:27:07","modified_gmt":"2026-02-02T06:27:07","slug":"abmeldung-lern-stunde","status":"publish","type":"page","link":"https:\/\/toplehrling.at\/?page_id=939","title":{"rendered":"Abmeldung Lern Stunde"},"content":{"rendered":"\n<p class=\"has-vivid-red-background-color has-background\"><strong>Eine Abmeldung von der Studierstunde f\u00fcr Minderj\u00e4hrige ist nur im 3. Lehrgang m\u00f6glich<\/strong><\/p>\n\n\n\n<div data-wp-interactive=\"core\/file\" class=\"wp-block-file\"><object data-wp-bind--hidden=\"!state.hasPdfPreview\" hidden class=\"wp-block-file__embed\" data=\"https:\/\/toplehrling.at\/wp-content\/uploads\/2025\/12\/Abmeldung-von-der-Studierstunde.pdf\" type=\"application\/pdf\" style=\"width:100%;height:600px\" aria-label=\"Einbettung von Abmeldung von der Studierstunde.\"><\/object><a id=\"wp-block-file--media-d7d74862-b8ad-495d-a5a4-4d1003ca1396\" href=\"https:\/\/toplehrling.at\/wp-content\/uploads\/2025\/12\/Abmeldung-von-der-Studierstunde.pdf\">Abmeldung von der Studierstunde<\/a><a href=\"https:\/\/toplehrling.at\/wp-content\/uploads\/2025\/12\/Abmeldung-von-der-Studierstunde.pdf\" class=\"wp-block-file__button wp-element-button\" download aria-describedby=\"wp-block-file--media-d7d74862-b8ad-495d-a5a4-4d1003ca1396\">Herunterladen<\/a><\/div>\n","protected":false},"excerpt":{"rendered":"<p>Eine Abmeldung von der Studierstunde f\u00fcr Minderj\u00e4hrige ist nur im 3. Lehrgang m\u00f6glich<\/p>\n","protected":false},"author":2,"featured_media":0,"parent":0,"menu_order":0,"comment_status":"closed","ping_status":"closed","template":"","meta":{"footnotes":""},"class_list":["post-939","page","type-page","status-publish","hentry"],"_links":{"self":[{"href":"https:\/\/toplehrling.at\/index.php?rest_route=\/wp\/v2\/pages\/939","targetHints":{"allow":["GET"]}}],"collection":[{"href":"https:\/\/toplehrling.at\/index.php?rest_route=\/wp\/v2\/pages"}],"about":[{"href":"https:\/\/toplehrling.at\/index.php?rest_route=\/wp\/v2\/types\/page"}],"author":[{"embeddable":true,"href":"https:\/\/toplehrling.at\/index.php?rest_route=\/wp\/v2\/users\/2"}],"replies":[{"embeddable":true,"href":"https:\/\/toplehrling.at\/index.php?rest_route=%2Fwp%2Fv2%2Fcomments&post=939"}],"version-history":[{"count":3,"href":"https:\/\/toplehrling.at\/index.php?rest_route=\/wp\/v2\/pages\/939\/revisions"}],"predecessor-version":[{"id":1060,"href":"https:\/\/toplehrling.at\/index.php?rest_route=\/wp\/v2\/pages\/939\/revisions\/1060"}],"wp:attachment":[{"href":"https:\/\/toplehrling.at\/index.php?rest_route=%2Fwp%2Fv2%2Fmedia&parent=939"}],"curies":[{"name":"wp","href":"https:\/\/api.w.org\/{rel}","templated":true}]}}